{"id":500,"date":"2014-06-23T11:48:28","date_gmt":"2014-06-23T11:48:28","guid":{"rendered":"http:\/\/www.stripesarchitects.nl\/nl\/?page_id=500"},"modified":"2016-01-13T14:14:14","modified_gmt":"2016-01-13T13:14:14","slug":"bureau","status":"publish","type":"page","link":"https:\/\/www.stripesarchitects.nl\/nl\/bureau\/","title":{"rendered":"bureau"},"content":{"rendered":"<section class=\"wpb-content-wrapper\"><p>[vc_row row_type=&#8221;row&#8221; use_row_as_full_screen_section=&#8221;no&#8221; type=&#8221;full_width&#8221; angled_section=&#8221;no&#8221; text_align=&#8221;left&#8221; background_image_as_pattern=&#8221;without_pattern&#8221; css_animation=&#8221;&#8221;][vc_column width=&#8221;1\/3&#8243;]<blockquote class=' with_quote_icon' style=''><i class='fa fa-quote-right' style=''><\/i><h5 class='blockquote-text' style=''>Bij elkaar komen is een begin, bij elkaar blijven is vooruitgang, met elkaar samenwerken is succes.<\/h5><\/blockquote>[vc_column_text]<\/p>\n<p style=\"text-align: center;\"><em>Henry Ford<\/em><\/p>\n<p>[\/vc_column_text][vc_row_inner row_type=&#8221;row&#8221; type=&#8221;full_width&#8221; text_align=&#8221;left&#8221; css_animation=&#8221;&#8221; el_class=&#8221;lege_rij&#8221;][vc_column_inner][\/vc_column_inner][\/vc_row_inner][vc_single_image image=&#8221;630&#8243; img_size=&#8221;345&#215;213&#8243; qode_css_animation=&#8221;&#8221;][\/vc_column][vc_column width=&#8221;1\/3&#8243;][vc_column_text]<\/p>\n<p style=\"text-align: justify;\"><strong>stripesarchitects<\/strong><\/p>\n<p style=\"text-align: justify;\">stripesarchitects is meer dan een architectenbureau. Architecten, bouwkundigen en adviseurs werken samen aan nationaal en internationaal uiteenlopende projecten en adviestrajecten. Dit doen wij vanuit onze hoofdvestiging in Eindhoven, op Strijp-S, maar stripesarchitects opereert ook vanuit Arnhem, Herkenbosch, Ravenstein en D\u00fcsseldorf.<\/p>\n<p style=\"text-align: justify;\">stripesarchitects is een bureau voor <em><a href=\"%20http:\/\/www.stripesarchitects.nl\/nl\/architectuur\/\">architectuur<\/a>, <a href=\"%20http:\/\/www.stripesarchitects.nl\/nl\/kennis\/\">kennis<\/a><\/em> en <em><a href=\"%20http:\/\/www.stripesarchitects.nl\/nl\/advies\/\">advies<\/a>.<\/em><\/p>\n<p>&nbsp;<\/p>\n<p style=\"text-align: justify;\"><strong>Onze opdrachtgevers<\/strong><\/p>\n<p style=\"text-align: justify;\">Particulieren, bedrijven, woningcorporaties, zorginstellingen, gemeenten, ontwikkelaars en aannemers zijn onze opdrachtgevers.<\/p>\n<p>&nbsp;<\/p>\n<p style=\"text-align: justify;\"><strong>Samenwerking<\/strong><\/p>\n<p style=\"text-align: justify;\">Het hedendaagse werkveld is drastisch veranderd. Vooral de laatste jaren volgen veranderingen elkaar in een hoog tempo op. Dit is van invloed op de bureauwerkzaamheden. Organisatie van kennis vormt meer dan ooit de basis van een goede dienstverlening. Met de partners binnen stripesarchitects en de samenwerkingspartners beschikken we over een groot kennisnetwerk waardoor wij u optimaal van dienst kunnen zijn.<\/p>\n<p style=\"text-align: justify;\">stripesarchitects is \u00e9\u00e9n van de initiatiefnemers van Plan-S. Dit is een co\u00f6peratie van architectenbureaus, stedenbouwkundigen, landschapsarchitecten en ontwerpers van de openbare ruimte, allen gevestigd op Strijp-S, de creatieve broedplaats van Eindhoven. Voor meer informatie over Plan-S gaat u naar <em><a href=\"http:\/\/www.pln-s.nl\" target=\"_blank\">www.pln-s.nl<\/a>.<\/em><\/p>\n<p>&nbsp;<\/p>\n<p style=\"text-align: justify;\"><strong>Duurzaamheid<\/strong><\/p>\n<p style=\"text-align: justify;\">Bij stripesarchitects staat duurzaamheid hoog in het vaandel. E\u00e9n van de founding partners van de Dutch Green Building Council (DGBC) behoort tot ons team en daar zijn we trots op.<\/p>\n<p style=\"text-align: justify;\">Lees meer over <em><a title=\"Duurzaamheid\" href=\"http:\/\/www.stripesarchitects.nl\/nl\/duurzaamheid\/\">duurzaamheid<\/a>.<\/em><\/p>\n<p>[\/vc_column_text][\/vc_column][vc_column width=&#8221;1\/3&#8243;][vc_column_text]<\/p>\n<p style=\"text-align: justify;\"><strong>Speerpunten<\/strong><\/p>\n<p style=\"text-align: justify;\">stripesarchitects kan bogen op een ruime ervaring in uiteenlopende sectoren, waarbij met name <em><a title=\"zorg\" href=\"http:\/\/www.stripesarchitects.nl\/nl\/zorg\/\">zorg<\/a><\/em>, <em><a title=\"woningbouw\" href=\"http:\/\/www.stripesarchitects.nl\/nl\/woningbouw\/\">woningbouw<\/a><\/em>, <em><a href=\"http:\/\/www.stripesarchitects.nl\/nl\/herbestemming\/\">herbestemming<\/a>,<\/em><em> <a href=\"http:\/\/www.stripesarchitects.nl\/nl\/renovatie\/\">renovatie<\/a><\/em> en <em><a title=\"logistiek\" href=\"http:\/\/www.stripesarchitects.nl\/nl\/logistiek\/\">logistiek<\/a><\/em> onze speerpunten zijn.<\/p>\n<p>&nbsp;<\/p>\n<p style=\"text-align: justify;\"><strong>Van advies tot total engineering &#8211; Werkwijze<\/strong><\/p>\n<p style=\"text-align: justify;\">Na een eerste inventarisatie spreken wij met u af tot waar onze opdracht eventueel reikt. Dit kan vari\u00ebren van het verrichten van een onderzoek tot het uitbrengen van een eenvoudig advies of het vervaardigen van een architectonisch ontwerp tot het begeleiden van een bouwkundige oplevering en alles wat daar tussen zit.<\/p>\n<p style=\"text-align: justify;\">Afhankelijk van uw specifieke vraag stellen wij een projectteam samen.<\/p>\n<p style=\"text-align: justify;\">Onze werkzaamheden bieden wij in fasen aan. Na elke fase vind een evaluatie plaats op basis waarvan in gezamenlijkheid wordt besloten of de opdracht met een eventuele volgende fase wordt voortgezet.<\/p>\n<p style=\"text-align: justify;\">Hierdoor houdt u te allen tijden grip op de advieskosten.<\/p>\n<p style=\"text-align: justify;\">stripesarchitects bewijst al jaren lang een gedegen ketenpartner te zijn. Eerlijk, transparant, betrouwbaar zijn begrippen die centraal staan in de manier van werken en de wijze van communiceren.<\/p>\n<p>&nbsp;<\/p>\n<p><strong>Werkmethodiek<\/strong><\/p>\n<p style=\"text-align: justify;\">Wij ontwerpen en tekenen sinds 2008 al onze projecten met ArchiCAD, een open-BIM werkmethodiek (Building Information Modeling) waarbij alle informatie in \u00e9\u00e9n model wordt ge\u00efntegreerd.<\/p>\n<p style=\"text-align: justify;\">Lees meer over <em><a title=\"BIM\" href=\"http:\/\/www.stripesarchitects.nl\/nl\/bim\/\">BIM<\/a>.<\/em><\/p>\n<p>&nbsp;<\/p>\n<p><strong>Voorwaarden<\/strong><\/p>\n<p style=\"text-align: justify;\">Wij werken volgens de voorwaarden DNR 2011.<\/p>\n<p>[\/vc_column_text][\/vc_column][\/vc_row][vc_row row_type=&#8221;row&#8221; use_row_as_full_screen_section=&#8221;no&#8221; type=&#8221;full_width&#8221; angled_section=&#8221;no&#8221; text_align=&#8221;left&#8221; background_image_as_pattern=&#8221;without_pattern&#8221; css_animation=&#8221;&#8221; el_class=&#8221;lege_rij&#8221;][vc_column][vc_column_text] \u00a0 \u00a0 \u00a0 \u00a0 \u00a0 \u00a0 \u00a0 [\/vc_column_text][\/vc_column][\/vc_row][vc_row row_type=&#8221;row&#8221; use_row_as_full_screen_section=&#8221;no&#8221; type=&#8221;full_width&#8221; angled_section=&#8221;no&#8221; text_align=&#8221;left&#8221; background_image_as_pattern=&#8221;without_pattern&#8221; css_animation=&#8221;&#8221;][vc_column width=&#8221;1\/3&#8243;][vc_column_text] \u00a0 \u00a0 \u00a0 \u00a0 \u00a0 \u00a0 \u00a0 [\/vc_column_text][\/vc_column][vc_column width=&#8221;1\/3&#8243;][\/vc_column][vc_column width=&#8221;1\/6&#8243;][vc_single_image image=&#8221;1491&#8243; img_size=&#8221;87&#215;92&#8243; alignment=&#8221;right&#8221; onclick=&#8221;custom_link&#8221; qode_css_animation=&#8221;&#8221; img_link=&#8221;http:\/\/www.stripesarchitects.nl\/nl\/why-how-what\/&#8221; link=&#8221;http:\/\/www.stripesarchitects.nl\/nl\/why-how-what\/&#8221;][\/vc_column][vc_column width=&#8221;1\/6&#8243;][vc_single_image image=&#8221;1490&#8243; img_size=&#8221;75&#215;92&#8243; alignment=&#8221;right&#8221; onclick=&#8221;custom_link&#8221; qode_css_animation=&#8221;&#8221; img_link=&#8221;http:\/\/www.stripesarchitects.nl\/nl\/team\/&#8221; link=&#8221;http:\/\/www.stripesarchitects.nl\/nl\/team\/&#8221;][\/vc_column][\/vc_row][vc_row row_type=&#8221;row&#8221; use_row_as_full_screen_section=&#8221;no&#8221; type=&#8221;full_width&#8221; angled_section=&#8221;no&#8221; text_align=&#8221;left&#8221; background_image_as_pattern=&#8221;without_pattern&#8221; css_animation=&#8221;&#8221; el_class=&#8221;lege_rij&#8221;][vc_column][vc_column_text] \u00a0 \u00a0 \u00a0 \u00a0 \u00a0 \u00a0 \u00a0 [\/vc_column_text][\/vc_column][\/vc_row]<\/p>\n<\/section>","protected":false},"excerpt":{"rendered":"<p>[vc_row row_type=&#8221;row&#8221; use_row_as_full_screen_section=&#8221;no&#8221; type=&#8221;full_width&#8221; angled_section=&#8221;no&#8221; text_align=&#8221;left&#8221; background_image_as_pattern=&#8221;without_pattern&#8221; css_animation=&#8221;&#8221;][vc_column width=&#8221;1\/3&#8243;][vc_column_text] Henry Ford [\/vc_column_text][vc_row_inner row_type=&#8221;row&#8221; type=&#8221;full_width&#8221; text_align=&#8221;left&#8221; css_animation=&#8221;&#8221; el_class=&#8221;lege_rij&#8221;][vc_column_inner][\/vc_column_inner][\/vc_row_inner][vc_single_image image=&#8221;630&#8243; img_size=&#8221;345&#215;213&#8243; qode_css_animation=&#8221;&#8221;][\/vc_column][vc_column width=&#8221;1\/3&#8243;][vc_column_text] stripesarchitects stripesarchitects is meer dan een architectenbureau. Architecten, bouwkundigen en adviseurs werken samen aan nationaal en internationaal uiteenlopende projecten en adviestrajecten. Dit doen wij&#8230;<\/p>\n","protected":false},"author":2,"featured_media":0,"parent":0,"menu_order":0,"comment_status":"open","ping_status":"open","template":"","meta":[],"_links":{"self":[{"href":"https:\/\/www.stripesarchitects.nl\/nl\/wp-json\/wp\/v2\/pages\/500"}],"collection":[{"href":"https:\/\/www.stripesarchitects.nl\/nl\/wp-json\/wp\/v2\/pages"}],"about":[{"href":"https:\/\/www.stripesarchitects.nl\/nl\/wp-json\/wp\/v2\/types\/page"}],"author":[{"embeddable":true,"href":"https:\/\/www.stripesarchitects.nl\/nl\/wp-json\/wp\/v2\/users\/2"}],"replies":[{"embeddable":true,"href":"https:\/\/www.stripesarchitects.nl\/nl\/wp-json\/wp\/v2\/comments?post=500"}],"version-history":[{"count":101,"href":"https:\/\/www.stripesarchitects.nl\/nl\/wp-json\/wp\/v2\/pages\/500\/revisions"}],"predecessor-version":[{"id":1901,"href":"https:\/\/www.stripesarchitects.nl\/nl\/wp-json\/wp\/v2\/pages\/500\/revisions\/1901"}],"wp:attachment":[{"href":"https:\/\/www.stripesarchitects.nl\/nl\/wp-json\/wp\/v2\/media?parent=500"}],"curies":[{"name":"wp","href":"https:\/\/api.w.org\/{rel}","templated":true}]}}