{"id":464,"date":"2014-06-23T07:40:03","date_gmt":"2014-06-23T07:40:03","guid":{"rendered":"http:\/\/www.stripesarchitects.nl\/nl\/?page_id=464"},"modified":"2023-06-07T19:15:30","modified_gmt":"2023-06-07T18:15:30","slug":"zorg","status":"publish","type":"page","link":"https:\/\/www.stripesarchitects.nl\/nl\/zorg\/","title":{"rendered":"zorg"},"content":{"rendered":"<section class=\"wpb-content-wrapper\"><p>[vc_row row_type=&#8221;row&#8221; use_row_as_full_screen_section=&#8221;no&#8221; type=&#8221;full_width&#8221; angled_section=&#8221;no&#8221; text_align=&#8221;left&#8221; background_image_as_pattern=&#8221;without_pattern&#8221; el_class=&#8221;lege_rij&#8221;][vc_column][vc_single_image image=&#8221;2826&#8243; img_size=&#8221;1100&#215;450&#8243; alignment=&#8221;center&#8221; qode_css_animation=&#8221;&#8221; css=&#8221;.vc_custom_1686161698070{background-image: url(http:\/\/www.stripesarchitects.nl\/nl\/wp-content\/uploads\/2014\/06\/Willemshaven_zorgwoningen_Dichterbij_Oss_04web.jpg?id=299) !important;}&#8221;][\/vc_column][\/vc_row][vc_row row_type=&#8221;row&#8221; use_row_as_full_screen_section=&#8221;no&#8221; type=&#8221;full_width&#8221; angled_section=&#8221;no&#8221; text_align=&#8221;left&#8221; background_image_as_pattern=&#8221;without_pattern&#8221; el_class=&#8221;lege_rij&#8221;][vc_column][\/vc_column][\/vc_row][vc_row row_type=&#8221;row&#8221; use_row_as_full_screen_section=&#8221;no&#8221; type=&#8221;full_width&#8221; angled_section=&#8221;no&#8221; text_align=&#8221;left&#8221; background_image_as_pattern=&#8221;without_pattern&#8221;][vc_column width=&#8221;1\/3&#8243;][vc_column_text]<blockquote class=' with_quote_icon' style=''><i class='fa fa-quote-right' style=''><\/i><h5 class='blockquote-text' style=''>Flexibiliteit, duurzaamheid en innovatie worden steeds belangrijker voor zorgvastgoed<\/h5><\/blockquote>[vc_row_inner row_type=&#8221;row&#8221; type=&#8221;full_width&#8221; text_align=&#8221;left&#8221; css_animation=&#8221;&#8221;][vc_column_inner][\/vc_column_inner][\/vc_row_inner][vc_single_image image=&#8221;234&#8243; img_size=&#8221;full&#8221; qode_css_animation=&#8221;&#8221;][\/vc_column_text][\/vc_column][vc_column width=&#8221;1\/3&#8243;][vc_column_text]Zorg en daarmee ook zorgvastgoed staat onder grote druk. Vroeger regelden zorginstellingen de bekostiging van zorgvastgoed \u00e9\u00e9n op \u00e9\u00e9n met het College bouw zorginstellingen op basis van een complex stelsel van regelingen. Tegenwoordig zijn de zorginstellingen zelf verantwoordelijk voor de financi\u00eble exploitatie en de sluitende financiering van hun vastgoed.<\/p>\n<p>&nbsp;<\/p>\n<p>Exploitatierisico en financieringsrisico komen voor rekening van de zorginstellingen. Door deze ontwikkelingen worden flexibiliteit, duurzaamheid en innovatie van zorgvastgoed in ontwerp, realisatie en exploitatie steeds belangrijker.<\/p>\n<p>&nbsp;<\/p>\n<p>Flexibele gebouwen zijn gemakkelijk en voordelig te herontwikkelen voor ander gebruik. Zowel voor andere zorgfuncties als ook voor functies buiten de zorg.[\/vc_column_text][\/vc_column][vc_column width=&#8221;1\/3&#8243;][vc_column_text]Duurzame gebouwen hebben gedurende hun levensduur excellente ecologische prestaties op het gebied van energieverbruik en materiaalgebruik. Dus ook zorg voor het milieu.<\/p>\n<p>&nbsp;<\/p>\n<p>Innovatieve concepten in ontwerp, realisatie en exploitatie leveren toegevoegde waarde. Bijvoorbeeld door toepassing van het Bouw Informatie Model en Het Nieuwe Werken.<\/p>\n<p>&nbsp;<\/p>\n<p>Voor de zorginstellingen blijft bij dit alles geboden functionaliteit voorop staan. De normen en richtlijnen van de verlopen Bouwmaatstaven en Geboden Toegang zijn naast het vigerende Bouwbesluit en Gebruiksbesluit bruikbare handvatten voor het ontwikkelen van zorgvastgoed.<\/p>\n<p>&nbsp;<\/p>\n<p>Wij ontwerpen samen met onze opdrachtgevers door toepassing van onze uitgangspunten in combinatie met onze methoden en technieken zorgvastgoed binnen de zorgbudgetten en met een goede prijs\/kwaliteitprestatie.[\/vc_column_text][\/vc_column][\/vc_row][vc_row row_type=&#8221;row&#8221; use_row_as_full_screen_section=&#8221;no&#8221; type=&#8221;full_width&#8221; angled_section=&#8221;no&#8221; text_align=&#8221;left&#8221; background_image_as_pattern=&#8221;without_pattern&#8221;][vc_column][vc_empty_space height=&#8221;50px&#8221;][\/vc_column][\/vc_row][vc_row row_type=&#8221;row&#8221; use_row_as_full_screen_section=&#8221;no&#8221; type=&#8221;full_width&#8221; angled_section=&#8221;no&#8221; text_align=&#8221;left&#8221; background_image_as_pattern=&#8221;without_pattern&#8221;][vc_column][vc_column_text]<\/p>\n<h3>bekijk onze projecten in de categorie zorg:<\/h3>\n<p>[\/vc_column_text][\/vc_column][\/vc_row][vc_row row_type=&#8221;row&#8221; use_row_as_full_screen_section=&#8221;no&#8221; type=&#8221;full_width&#8221; angled_section=&#8221;no&#8221; text_align=&#8221;left&#8221; background_image_as_pattern=&#8221;without_pattern&#8221;][vc_column][vc_empty_space height=&#8221;50px&#8221;][\/vc_column][\/vc_row][vc_row row_type=&#8221;row&#8221; use_row_as_full_screen_section=&#8221;no&#8221; type=&#8221;full_width&#8221; angled_section=&#8221;no&#8221; text_align=&#8221;left&#8221; background_image_as_pattern=&#8221;without_pattern&#8221;][vc_column][vc_column_text]<div id=\"metaslider-id-3039\" style=\"width: 100%; margin: 0 auto;\" class=\"ml-slider-3-31-0 metaslider metaslider-flex metaslider-3039 ml-slider ms-theme-outline nav-hidden has-carousel-mode\">\n    <div id=\"metaslider_container_3039\">\n        <div id=\"metaslider_3039\">\n            <ul aria-live=\"polite\" class=\"slides\">\n                <li style=\"display: none; width: 100%;\" class=\"slide-3040 ms-image\"><a href=\"https:\/\/www.stripesarchitects.nl\/nl\/portfolio_page\/zorgappartementen-pg-somatiek-laren\/\" target=\"_self\"><img src=\"https:\/\/www.stripesarchitects.nl\/nl\/wp-content\/uploads\/2023\/05\/Laren_zorgappartementen-PG-en-Somatiek_Nusantara_04web-1-355x200.jpg\" height=\"200\" width=\"355\" alt=\"\" class=\"slider-3039 slide-3040\" title=\"Laren_zorgappartementen PG en Somatiek_Nusantara_04web\" \/><\/a><\/li>\n                <li style=\"display: none; width: 100%;\" class=\"slide-3041 ms-image\"><a href=\"https:\/\/www.stripesarchitects.nl\/nl\/portfolio_page\/zorgwoningen-bij-hoeve-corisberg-heerlen\/\" target=\"_self\"><img src=\"https:\/\/www.stripesarchitects.nl\/nl\/wp-content\/uploads\/2023\/06\/Corisberghoeve_Zonnehuizen_zorgwoningen_Heerlen_01web-355x200.jpg\" height=\"200\" width=\"355\" alt=\"\" class=\"slider-3039 slide-3041\" title=\"De Corisberg\" \/><\/a><\/li>\n                <li style=\"display: none; width: 100%;\" class=\"slide-3042 ms-image\"><a href=\"https:\/\/www.stripesarchitects.nl\/nl\/portfolio_page\/kantoor-en-tandartsenpraktijk-venray\/\" target=\"_self\"><img src=\"https:\/\/www.stripesarchitects.nl\/nl\/wp-content\/uploads\/2023\/06\/verbouw_kantoor_tandartsenpraktijk_Venray_01web-1-355x200.jpg\" height=\"200\" width=\"355\" alt=\"\" class=\"slider-3039 slide-3042\" title=\"verbouw_kantoor_tandartsenpraktijk_Venray_01web\" \/><\/a><\/li>\n                <li style=\"display: none; width: 100%;\" class=\"slide-3043 ms-image\"><a href=\"https:\/\/www.stripesarchitects.nl\/nl\/portfolio_page\/zorgwoningen-en-werken-eindhoven\/\" target=\"_self\"><img src=\"https:\/\/www.stripesarchitects.nl\/nl\/wp-content\/uploads\/2023\/06\/Genneperparken_Eindhoven_zorgwoningen_Zonnehuizen_01web-355x200.jpg\" height=\"200\" width=\"355\" alt=\"\" class=\"slider-3039 slide-3043\" title=\"Genneperparken_Eindhoven_zorgwoningen_Zonnehuizen_01web\" \/><\/a><\/li>\n                <li style=\"display: none; width: 100%;\" class=\"slide-3044 ms-image\"><a href=\"https:\/\/www.stripesarchitects.nl\/nl\/portfolio_page\/zorgwoningen-zonnehuizen_heythuysen\/\" target=\"_self\"><img src=\"https:\/\/www.stripesarchitects.nl\/nl\/wp-content\/uploads\/2023\/06\/zorgwoningen_Zonnehuizen_Heide_Heythuysen_02web-355x200.jpg\" height=\"200\" width=\"355\" alt=\"\" class=\"slider-3039 slide-3044\" title=\"zorgwoningen_Zonnehuizen_Heide_Heythuysen_02web\" \/><\/a><\/li>\n                <li style=\"display: none; width: 100%;\" class=\"slide-3045 ms-image\"><a href=\"https:\/\/www.stripesarchitects.nl\/nl\/portfolio_page\/zorgwoningen-willemshaven-oss\/\" target=\"_self\"><img src=\"https:\/\/www.stripesarchitects.nl\/nl\/wp-content\/uploads\/2023\/06\/Willemshaven_zorgwoningen_Dichterbij_Oss_01web-355x200.jpg\" height=\"200\" width=\"355\" alt=\"\" class=\"slider-3039 slide-3045\" title=\"Willemshaven_zorgwoningen_Dichterbij_Oss_01web\" \/><\/a><\/li>\n                <li style=\"display: none; width: 100%;\" class=\"slide-3046 ms-image\"><a href=\"https:\/\/www.stripesarchitects.nl\/nl\/portfolio_page\/zorgvoorzieningengebouw-wielewaal\/\" target=\"_self\"><img src=\"https:\/\/www.stripesarchitects.nl\/nl\/wp-content\/uploads\/2023\/06\/Wielewaal_zorgvoorzieningen_ASVZ_Charlois_Rotterdam_01web-355x200.jpg\" height=\"200\" width=\"355\" alt=\"\" class=\"slider-3039 slide-3046\" title=\"Wielewaal_zorgvoorzieningen_ASVZ_Charlois_Rotterdam_01web\" \/><\/a><\/li>\n                <li style=\"display: none; width: 100%;\" class=\"slide-3047 ms-image\"><a href=\"https:\/\/www.stripesarchitects.nl\/nl\/portfolio_page\/medisch-centrum-de-wieenhof-venray\/\" target=\"_self\"><img src=\"https:\/\/www.stripesarchitects.nl\/nl\/wp-content\/uploads\/2023\/06\/Wieenhof_Medisch-centrum_Venray_01web-355x200.jpg\" height=\"200\" width=\"355\" alt=\"\" class=\"slider-3039 slide-3047\" title=\"Wieenhof_Medisch-centrum_Venray_01web\" \/><\/a><\/li>\n            <\/ul>\n        <\/div>\n        \n    <\/div>\n<\/div>[\/vc_column_text][\/vc_column][\/vc_row][vc_row row_type=&#8221;row&#8221; use_row_as_full_screen_section=&#8221;no&#8221; type=&#8221;full_width&#8221; angled_section=&#8221;no&#8221; text_align=&#8221;left&#8221; background_image_as_pattern=&#8221;without_pattern&#8221;][vc_column][vc_empty_space height=&#8221;50px&#8221;][\/vc_column][\/vc_row]<\/p>\n<\/section>","protected":false},"excerpt":{"rendered":"<p>[vc_row row_type=&#8221;row&#8221; use_row_as_full_screen_section=&#8221;no&#8221; type=&#8221;full_width&#8221; angled_section=&#8221;no&#8221; text_align=&#8221;left&#8221; background_image_as_pattern=&#8221;without_pattern&#8221; el_class=&#8221;lege_rij&#8221;][vc_column][vc_single_image image=&#8221;2826&#8243; img_size=&#8221;1100&#215;450&#8243; alignment=&#8221;center&#8221; qode_css_animation=&#8221;&#8221; css=&#8221;.vc_custom_1686161698070{background-image: url(http:\/\/www.stripesarchitects.nl\/nl\/wp-content\/uploads\/2014\/06\/Willemshaven_zorgwoningen_Dichterbij_Oss_04web.jpg?id=299) !important;}&#8221;][\/vc_column][\/vc_row][vc_row row_type=&#8221;row&#8221; use_row_as_full_screen_section=&#8221;no&#8221; type=&#8221;full_width&#8221; angled_section=&#8221;no&#8221; text_align=&#8221;left&#8221; background_image_as_pattern=&#8221;without_pattern&#8221; el_class=&#8221;lege_rij&#8221;][vc_column][\/vc_column][\/vc_row][vc_row row_type=&#8221;row&#8221; use_row_as_full_screen_section=&#8221;no&#8221; type=&#8221;full_width&#8221; angled_section=&#8221;no&#8221; text_align=&#8221;left&#8221; background_image_as_pattern=&#8221;without_pattern&#8221;][vc_column width=&#8221;1\/3&#8243;][vc_column_text][vc_row_inner row_type=&#8221;row&#8221; type=&#8221;full_width&#8221; text_align=&#8221;left&#8221; css_animation=&#8221;&#8221;][vc_column_inner][\/vc_column_inner][\/vc_row_inner][vc_single_image image=&#8221;234&#8243; img_size=&#8221;full&#8221; qode_css_animation=&#8221;&#8221;][\/vc_column_text][\/vc_column][vc_column width=&#8221;1\/3&#8243;][vc_column_text]Zorg en daarmee ook zorgvastgoed staat onder grote druk&#8230;.<\/p>\n","protected":false},"author":2,"featured_media":0,"parent":0,"menu_order":0,"comment_status":"open","ping_status":"open","template":"","meta":[],"_links":{"self":[{"href":"https:\/\/www.stripesarchitects.nl\/nl\/wp-json\/wp\/v2\/pages\/464"}],"collection":[{"href":"https:\/\/www.stripesarchitects.nl\/nl\/wp-json\/wp\/v2\/pages"}],"about":[{"href":"https:\/\/www.stripesarchitects.nl\/nl\/wp-json\/wp\/v2\/types\/page"}],"author":[{"embeddable":true,"href":"https:\/\/www.stripesarchitects.nl\/nl\/wp-json\/wp\/v2\/users\/2"}],"replies":[{"embeddable":true,"href":"https:\/\/www.stripesarchitects.nl\/nl\/wp-json\/wp\/v2\/comments?post=464"}],"version-history":[{"count":19,"href":"https:\/\/www.stripesarchitects.nl\/nl\/wp-json\/wp\/v2\/pages\/464\/revisions"}],"predecessor-version":[{"id":3049,"href":"https:\/\/www.stripesarchitects.nl\/nl\/wp-json\/wp\/v2\/pages\/464\/revisions\/3049"}],"wp:attachment":[{"href":"https:\/\/www.stripesarchitects.nl\/nl\/wp-json\/wp\/v2\/media?parent=464"}],"curies":[{"name":"wp","href":"https:\/\/api.w.org\/{rel}","templated":true}]}}